{"id":699,"date":"2012-08-23T15:19:47","date_gmt":"2012-08-23T19:19:47","guid":{"rendered":"https:\/\/canergo.com\/?page_id=699"},"modified":"2012-11-24T22:09:37","modified_gmt":"2012-11-25T03:09:37","slug":"initiatives-en-matiere-denvironnement","status":"publish","type":"page","link":"https:\/\/canergo.com\/fr\/environment\/initiatives-en-matiere-denvironnement\/","title":{"rendered":"Initiatives en mati\u00e8re d\u2019environnement"},"content":{"rendered":"<p><img loading=\"lazy\" decoding=\"async\" class=\"aligncenter size-medium wp-image-1215\" title=\"Leaf used in Aerth\" src=\"https:\/\/canergo.com\/wp-content\/uploads\/sites\/2\/2012\/08\/Leaf-used-in-Aerth-300x257.jpg\" alt=\"\" width=\"300\" height=\"257\" srcset=\"https:\/\/canergo.com\/wp-content\/uploads\/sites\/2\/2012\/08\/Leaf-used-in-Aerth-300x257.jpg 300w, https:\/\/canergo.com\/wp-content\/uploads\/sites\/2\/2012\/08\/Leaf-used-in-Aerth-100x85.jpg 100w, https:\/\/canergo.com\/wp-content\/uploads\/sites\/2\/2012\/08\/Leaf-used-in-Aerth.jpg 525w\" sizes=\"auto, (max-width: 300px) 100vw, 300px\" \/>Bien avant que les pouvoirs publics n\u2019\u00e9mettent de r\u00e8glements sur la protection de l\u2019environnement et de nombreuses ann\u00e9es avant l\u2019entr\u00e9e en vigueur d\u2019ISO 14000, les gens de Canergo faisaient preuve d\u2019un profond respect de l\u2019environnement au moyen d\u2019une s\u00e9rie d\u2019activit\u00e9s pratiques et innovatrices. La raison qui nous poussait \u00e0 entreprendre ces activit\u00e9s n\u2019\u00e9tait pas diff\u00e9rente alors de ce qu\u2019elle est aujourd\u2019hui. C\u2019est tout simplement la bonne fa\u00e7on d\u2019agir.<\/p>\n<p>Nos initiatives en mati\u00e8re d\u2019environnement comprennent entre autres\u00a0:<\/p>\n<p>Le refus d\u2019utiliser des bois tropicaux figurant dans la liste de la CITES, (la Convention sur le commerce international des esp\u00e8ces menac\u00e9es d\u2019extinction) et la maximisation de l\u2019utilisation de produits de bois provenant de for\u00eats cultiv\u00e9es.<\/p>\n<p>L\u2019utilisation, pour toutes les composantes de mousse et de polyur\u00e9thane, de produits d\u2019expansion sans chlorofluorocarbones (CFC). Nous adoptons progressivement les mousses \u00e0 base biologique pour remplacer les produits \u00e0 base de carburant fossile (p\u00e9trole).<\/p>\n<p>L\u2019utilisation d\u2019adh\u00e9sifs \u00e0 base d\u2019eau pour la fabrication des si\u00e8ges HORIZON de fa\u00e7on \u00e0 r\u00e9duire l\u2019empreinte \u00e9cologique et diminuer ou \u00e9liminer les \u00e9manations gazeuses des produits finis, afin de cr\u00e9er un milieu de travail plus sain pour l\u2019utilisateur final.<\/p>\n<p>L\u2019utilisation maximale de techniques de peinture en poudre sur les parties et composantes m\u00e9talliques de nos produits.<\/p>\n<h3>La mousse et l\u2019avenir<\/h3>\n<p>Canergo a form\u00e9 des partenariats avec des fournisseurs fiables qui ont consacr\u00e9 de nombreuses ann\u00e9es \u00e0 la recherche, au d\u00e9veloppement et \u00e0 l\u2019exp\u00e9rimentation de mousses r\u00e9silientes prim\u00e9es pour le rembourrage des si\u00e8ges.<\/p>\n<p>Il en est r\u00e9sult\u00e9 un changement de la composition de la mousse de rembourrage (les coussins) d\u00e9bouchant sur la cr\u00e9ation d\u2019un produit de mousse innovateur. Ce nouveau compos\u00e9 contient des mati\u00e8res naturelles renouvelables plut\u00f4t que les polyols d\u00e9riv\u00e9s de la p\u00e9trochimie, ce qui r\u00e9duit en bout de ligne les \u00e9missions de gaz \u00e0 effet de serre. Cette nouvelle \u00abmousse bio-renouvelable\u00bb est fabriqu\u00e9e \u00e0 partir d\u2019huiles v\u00e9g\u00e9tales, notamment de soja, qui sont rapidement renouvelables et n\u2019ont pas d\u2019effets n\u00e9fastes sur la cha\u00eene alimentaire. C\u2019est ainsi que 15 \u00e0 20% du produit fini est \u00e0 base de mati\u00e8res biologiques.<\/p>\n<p>La mousse bio-renouvelable donne d\u2019aussi bons r\u00e9sultats que la mousse traditionnelle, ne contient pas de CFC, a de faibles \u00e9manations d\u2019odeurs, une stabilit\u00e9 aux UV sup\u00e9rieure, une consistance et une densit\u00e9 stables, en plus d\u2019\u00eatre fabriqu\u00e9e \u00e0 partir d\u2019une mati\u00e8re premi\u00e8re renouvelable et abondante. Autre avantage, la fabrication de mousse \u00e0 partir de mati\u00e8res biologiques exige une plus faible consommation d\u2019\u00e9nergie que les proc\u00e9d\u00e9s traditionnels \u00e0 base de d\u00e9riv\u00e9s du p\u00e9trole.<\/p>\n<h3>Textiles d\u2019aujourd\u2019hui et de demain<\/h3>\n<p><img loading=\"lazy\" decoding=\"async\" class=\"aligncenter size-medium wp-image-1216\" title=\"bamboo-plants\" src=\"https:\/\/canergo.com\/wp-content\/uploads\/sites\/2\/2012\/08\/bamboo-plants-300x273.jpg\" alt=\"\" width=\"300\" height=\"273\" srcset=\"https:\/\/canergo.com\/wp-content\/uploads\/sites\/2\/2012\/08\/bamboo-plants-300x273.jpg 300w, https:\/\/canergo.com\/wp-content\/uploads\/sites\/2\/2012\/08\/bamboo-plants-100x91.jpg 100w, https:\/\/canergo.com\/wp-content\/uploads\/sites\/2\/2012\/08\/bamboo-plants.jpg 485w\" sizes=\"auto, (max-width: 300px) 100vw, 300px\" \/>Depuis de nombreuses ann\u00e9es, Canergo est \u00e0 la fine pointe en ce qui a trait aux tissus recycl\u00e9s et recyclables et offre maintenant une vari\u00e9t\u00e9 de recouvrements \u00e0 prix modiques et moyens. HORIZON a \u00e9t\u00e9 parmi les premiers fabricants de si\u00e8ges de bureau \u00e0 offrir une gamme suivie de tissus \u00e0 prix moyens faits \u00e0 100% de mati\u00e8res recycl\u00e9es et qui sont \u00e9galement recyclables \u00e0 100% \u00e0 la fin de leur vie utile. Ces tissus constituent une option \u00e9cologique sans compromettre la qualit\u00e9, la durabilit\u00e9, le confort ou l\u2019apparence!<\/p>\n<p>Canergo Furniture est parmi les premiers \u00e0 offrir des tissus de recouvrement fabriqu\u00e9s de fibre de bambou. Utilis\u00e9 depuis longtemps dans le b\u00e2timent et comme source alimentaire, le bambou se fait de mieux en mieux conna\u00eetre dans le march\u00e9 de l\u2019ameublement domiciliaire et commercial parce qu\u2019il permet de produire une fibre douce, durable et qui respire. La plan\u00e8te compte plus de 1000 esp\u00e8ces de bambou, dont certaines peuvent cro\u00eetre d\u2019un m\u00e8tre par jour. Son adaptabilit\u00e9 \u00e0 diff\u00e9rents climats et niveaux de pr\u00e9cipitation, jointe \u00e0 une p\u00e9riode de croissance de 3 \u00e0 5 ans \u2013 consid\u00e9rablement plus courte que celle de la plupart des conif\u00e8res \u2013 en font une des ressources les plus polyvalentes et les plus rapidement renouvelables au monde.<\/p>\n<h3><\/h3>\n<h3>Les tissus de bambou<\/h3>\n<p>Pourquoi les tissus de bambou sont-ils un meilleur choix que d\u2019autres textiles?<\/p>\n<p>Les textiles de bambou sont beaucoup plus doux que le plus doux des cotons, les tissus de bambou ont un lustre naturel en surface et sont semblables au toucher \u00e0 la soie ou au cachemire.<\/p>\n<p>De nos jours, tout textile que l\u2019on dit antimicrobien a certainement subi un traitement chimique, soit au tissu, soit \u00e0 la fibre elle-m\u00eame. Cependant, les tissus \u00e0 base de fibre de bambou sont naturellement antimicrobiens et ne n\u00e9cessitent aucun agent chimique nocif. Les textiles de bambou contiennent un agent naturel, le \u00abkuhn du bambou\u00bb qui emp\u00eache les bact\u00e9ries de se multiplier. Les fibres de bambou sont tr\u00e8s appr\u00e9ci\u00e9es tant par l\u2019industrie de la mode que par les fabricants de textiles. Elles se m\u00e9langent admirablement aux textiles les plus utilis\u00e9s actuellement comme le spandex, le lycra et le coton. Plus frais en \u00e9t\u00e9, les tissus de bambou sont sensiblement plus chauds l\u2019hiver. Tout en \u00e9tant plus confortable et d\u2019aspect plus esth\u00e9tique que le coton, le bambou augmente ou abaisse la temp\u00e9rature corporelle mieux que ne le fait n\u2019importe tissu de coton.<\/p>\n<h3>Pourquoi les textiles de bambou sont-ils meilleurs pour la plan\u00e8te?<\/h3>\n<p>Les tissus de bambou sont enti\u00e8rement biod\u00e9gradables. Ils sont fabriqu\u00e9s de bambou Moso, qui n\u2019est pas celui dont se nourrissent les pandas g\u00e9ants. Le bambou produit plus d\u2019oxyg\u00e8ne que les plantations d\u2019arbres de surface \u00e9quivalente, ce qui veut dire qu\u2019en plantant davantage de bambou on augmente la photosynth\u00e8se, ce qui r\u00e9duit la hausse des niveaux de dioxyde de carbone \u00e0 l\u2019\u00e9chelle plan\u00e9taire.<\/p>\n<p>Le bambou contribue \u00e0 reconstituer l\u2019\u00e9cosyst\u00e8me!<\/p>\n<p>Le bambou naturel est devenu une des plantes les plus prolifiques du monde et une de celles dont la croissance est la plus rapide. Il ne prend que quatre ans pour arriver \u00e0 maturit\u00e9, contre 25 \u00e0 70 ans pour les esp\u00e8ces commerciales d\u2019arbres d\u2019Am\u00e9rique du Nord. Le bambou pousse et se d\u00e9veloppe sans engrais ni pesticides, ni apport chimique d\u2019aucune sorte.<\/p>\n<p>Le bambou est une des ressources les plus durables de la nature. On le cultive sans pesticides ni produits chimiques, il est enti\u00e8rement biod\u00e9gradable et se reg\u00e9n\u00e8re naturellement Le bambou est en fait une gramin\u00e9e tropicale dot\u00e9e d\u2019un vaste syst\u00e8me racinaire qui produit en moyenne de quatre \u00e0 six nouvelles pousses par an, se renouvelle naturellement et peut atteindre 25 m\u00e8tres ou plus de hauteur. Certaines esp\u00e8ces de bambou peuvent pousser plus d\u2019un m\u00e8tre par jour et \u00eatre r\u00e9colt\u00e9es tous les 3 \u00e0 5 ans. Le bambou est cultiv\u00e9 dans des fermes familiales vou\u00e9es \u00e0 l\u2019agriculture depuis des g\u00e9n\u00e9rations et aucune fibre n\u2019est r\u00e9colt\u00e9e dans les for\u00eats tropicales. Le bambou est la plante ligneuse qui pousse le plus rapidement et elle grandit d\u2019un tiers plus vite que l\u2019arbre dont la croissance est la plus rapide. Certaines esp\u00e8ces peuvent cro\u00eetre de jusqu\u2019\u00e0 un m\u00e8tre par jour \u2013 presque \u00e0 vue d\u2019\u0153il! La plante atteint sa hauteur maximale en 3 mois et sa maturit\u00e9 en trois ans environ alors que la plupart des r\u00e9sineux prennent de 10 \u00e0 20 ans pour atteindre leur maturit\u00e9. Apr\u00e8s chaque r\u00e9colte, le bambou se reg\u00e9n\u00e8re presque imm\u00e9diatement, ce qui en fait une resource \u00e9minemment durable.<\/p>\n<h3>Composantes de bois\uf020<\/h3>\n<p>Canergo s\u2019emploie non seulement \u00e0 utiliser des composantes de contreplaqu\u00e9 certifi\u00e9es comme provenant de for\u00eats cultiv\u00e9es et durables. Cela signifie que les billes de bois utilis\u00e9es proviennent d\u2019arbres arriv\u00e9s \u00e0 maturit\u00e9 ou abattus dans des plantations certifi\u00e9es par le Forest Stewardship Council. Les adh\u00e9sifs utilis\u00e9s dans la production de composantes de contreplaqu\u00e9 cintr\u00e9 sont bien en de\u00e7\u00e0 de la norme E1 pour les \u00e9manations, qui constitue le niveau le plus faible disponible actuellement sur le march\u00e9. Tout comme la plupart des fabricants responsables, Canergo a \u00e9galement \u00e9limin\u00e9 l\u2019utilisation de bois tropicaux figurant la liste de CITES (la Convention sur le commerce international des esp\u00e8ces menac\u00e9es d\u2019extinction).<\/p>\n<h3>Programme de r\u00e9duction des d\u00e9chets<\/h3>\n<p>Canergo Furniture s\u2019est employ\u00e9e avec diligence, depuis de nombreuses ann\u00e9es, \u00e0 appliquer des programmes de r\u00e9duction des d\u00e9chets. Nous recherchons constamment des moyens de r\u00e9duire, r\u00e9utiliser et recycler les d\u00e9chets. Chaque ann\u00e9e nous adoptons de nouveaux proc\u00e9d\u00e9s pour employer les d\u00e9chets production dans des applications utiles plut\u00f4t que de les diriger vers les d\u00e9potoirs.<\/p>\n<p>Notre feuille de route est impressionnante \u2026 Canergo recycle actuellement pr\u00e8s de 95% des d\u00e9chets qu\u2019elle produit chaque ann\u00e9e. Cela signifie que moins de 5% des d\u00e9chets produits par Canergo prend le chemin des d\u00e9potoirs. Et nous nous sommes engag\u00e9s \u00e0 r\u00e9duire encore cette proportion de 5% au cours de l\u2019ann\u00e9e qui vient. Mais il reste encore du travail \u00e0 faire \u2026 en plus des programmes de diversion et de r\u00e9duction des d\u00e9chets d\u00e9j\u00e0 en place, nous trouvons de nouveaux usages pour nos chutes de tissu. Nous ne serons pas satisfaits tant que nous ne recyclerons pas 100% de nos d\u00e9chets. C\u2019est possible!<\/p>\n<h3>Emballage\uf020<\/h3>\n<p>Toutes les entreprises utilisent les cartons d\u2019exp\u00e9dition et divers types d\u2019emballages pour prot\u00e9ger leurs produits pendant le transport et l\u2019entreposage \u2026 et Canergo ne fait pas exception. \u00c0 Canergo, toutefois, nous nous sommes engag\u00e9s \u00e0 n\u2019utiliser que du carton recycl\u00e9 pour nos bo\u00eetes d\u2019exp\u00e9dition. Pour \u00eatre classifi\u00e9 comme \u00ab\u00a0recycl\u00e9\u00a0\u00bb selon le<\/p>\n<p>Programme choix environnemental d\u2019Environnement Canada, un produit doit contenir au moins 50% de mati\u00e8res recycl\u00e9es.<\/p>\n<p>Avons-nous satisfait aux lignes directrices du gouvernement? Une fois encore, nous les avons d\u00e9pass\u00e9es! Les cartons d\u2019exp\u00e9dition de Canergo contiennent au moins 80% de mati\u00e8res recycl\u00e9es<\/p>\n<p>Ce n\u2019est pas tout \u2026 Voici quelques autres fa\u00e7ons dont le programme d\u2019emballage de Canergo prot\u00e8ge notre environnement\u00a0:<\/p>\n<p>Les cartons d\u2019emballage de Canergo sont fabriqu\u00e9s \u00e0 partir de papier recycl\u00e9 et ils sont eux aussi recyclables.<\/p>\n<p>Canergo permet \u00e0 ses revendeurs de renvoyer les cartons usag\u00e9s, qui sont ensuite tri\u00e9s, inspect\u00e9s et r\u00e9\u00e9tiquet\u00e9s pour servir aux commandes futures.<\/p>\n<p>Nos cartons sont imprim\u00e9s au moyen d\u2019encres \u00e0 base d\u2019eau qui ne contiennent pas de solvants nocifs ou de pigments de m\u00e9taux lourds. Ces encres sont plus faciles \u00e0 dissoudre pour le recyclage.<\/p>\n<p>Canergo exp\u00e9diera des produits d\u00e9j\u00e0 mont\u00e9s dans des sacs de poly\u00e9thyl\u00e8ne ou envelopp\u00e9s dans des couvertures, \u00e9liminant la n\u00e9cessit\u00e9 d\u2019utiliser des cartons, chaque fois que la distance d\u2019exp\u00e9dition permet cette m\u00e9thode de transport.<\/p>\n<p>En utilisant des cartons de diff\u00e9rentes tailles, nous pouvons r\u00e9duire le volume d\u2019emballage n\u00e9cessaire. Nos emballeurs choisissent la bo\u00eete la plus petite possible pour chaque produit.<\/p>\n<p>Canergo exp\u00e9die de plus en plus de si\u00e8ges en pi\u00e8ces d\u00e9tach\u00e9es. Bien qu\u2019ils n\u00e9cessitent un peu de montage, ces si\u00e8ges prennent 50 \u00e0 75% moins d\u2019espace dans les cartons et r\u00e9duisent les frais de transport par rapport aux produits d\u00e9j\u00e0 mont\u00e9s. Les volumes d\u2019exp\u00e9dition r\u00e9duits signifient qu\u2019il faut moins de charges de camion pour les transporter, ce qui r\u00e9duit encore davantage notre empreinte de carbone.<\/p>\n","protected":false},"excerpt":{"rendered":"<p>Bien avant que les pouvoirs publics n\u2019\u00e9mettent de r\u00e8glements sur la protection de l\u2019environnement et de nombreuses ann\u00e9es avant l\u2019entr\u00e9e en vigueur d\u2019ISO 14000, les gens de Canergo faisaient preuve d\u2019un profond respect de l\u2019environnement au moyen d\u2019une s\u00e9rie d\u2019activit\u00e9s &hellip; <a href=\"https:\/\/canergo.com\/fr\/environment\/initiatives-en-matiere-denvironnement\/\">Continue reading <span class=\"meta-nav\">&rarr;<\/span><\/a><\/p>\n","protected":false},"author":1,"featured_media":0,"parent":687,"menu_order":0,"comment_status":"closed","ping_status":"closed","template":"","meta":{"footnotes":""},"class_list":["post-699","page","type-page","status-publish","hentry"],"_links":{"self":[{"href":"https:\/\/canergo.com\/fr\/wp-json\/wp\/v2\/pages\/699","targetHints":{"allow":["GET"]}}],"collection":[{"href":"https:\/\/canergo.com\/fr\/wp-json\/wp\/v2\/pages"}],"about":[{"href":"https:\/\/canergo.com\/fr\/wp-json\/wp\/v2\/types\/page"}],"author":[{"embeddable":true,"href":"https:\/\/canergo.com\/fr\/wp-json\/wp\/v2\/users\/1"}],"replies":[{"embeddable":true,"href":"https:\/\/canergo.com\/fr\/wp-json\/wp\/v2\/comments?post=699"}],"version-history":[{"count":0,"href":"https:\/\/canergo.com\/fr\/wp-json\/wp\/v2\/pages\/699\/revisions"}],"up":[{"embeddable":true,"href":"https:\/\/canergo.com\/fr\/wp-json\/wp\/v2\/pages\/687"}],"wp:attachment":[{"href":"https:\/\/canergo.com\/fr\/wp-json\/wp\/v2\/media?parent=699"}],"curies":[{"name":"wp","href":"https:\/\/api.w.org\/{rel}","templated":true}]}}