{"id":687,"date":"2012-08-23T15:05:28","date_gmt":"2012-08-23T19:05:28","guid":{"rendered":"https:\/\/canergo.com\/?page_id=687"},"modified":"2012-11-24T22:07:10","modified_gmt":"2012-11-25T03:07:10","slug":"environment","status":"publish","type":"page","link":"https:\/\/canergo.com\/fr\/environment\/","title":{"rendered":"Canergo et l&rsquo;environnement"},"content":{"rendered":"<h3>Politique environnementale et Principes d\u2019entreprise<\/h3>\n<p><img loading=\"lazy\" decoding=\"async\" class=\"aligncenter size-large wp-image-1213\" title=\"Green-Forest\" src=\"https:\/\/canergo.com\/wp-content\/uploads\/sites\/2\/2012\/08\/Green-Forest1-1024x819.jpg\" alt=\"\" width=\"640\" height=\"511\" srcset=\"https:\/\/canergo.com\/wp-content\/uploads\/sites\/2\/2012\/08\/Green-Forest1-1024x819.jpg 1024w, https:\/\/canergo.com\/wp-content\/uploads\/sites\/2\/2012\/08\/Green-Forest1-100x80.jpg 100w, https:\/\/canergo.com\/wp-content\/uploads\/sites\/2\/2012\/08\/Green-Forest1-300x240.jpg 300w, https:\/\/canergo.com\/wp-content\/uploads\/sites\/2\/2012\/08\/Green-Forest1.jpg 1280w\" sizes=\"auto, (max-width: 640px) 100vw, 640px\" \/>HORIZON FURNITURE est un fabricant soucieux de l\u2019environnement. Nous sommes engages \u00e0 pr\u00e9server notre environnement et nos ressources naturelles pour les g\u00e9n\u00e9rations futures. HORIZON s\u2019emploie \u00e0 \u00eatre proactive dans la r\u00e9duction des d\u00e9chets, le recyclage et l\u2019utilisation de mat\u00e9riaux recycl\u00e9s dans nos proc\u00e9d\u00e9s de fabrication dans la mesure du possible. HORIZON fait activement la mise en march\u00e9 et la promotion de produits qui non seulement sont fabriqu\u00e9s \u00e0 l\u2019aide de mat\u00e9riaux recycl\u00e9s, mais sont eux-m\u00eames recyclables en tout ou en partie \u00e0 la fin de leur vie utile. En outre, des cartons et contenants recyclables\/r\u00e9utilisables, de m\u00eame que des solutions innovatrices en mati\u00e8re d\u2019emballage et d\u2019exp\u00e9dition, offrent \u00e0 nos fournisseurs et \u00e0 nos revendeurs la possibilit\u00e9 d\u2019aider \u00e0 r\u00e9duire notre empreinte \u00e9cologique collective. La protection de l\u2019environnement est importante pour les gens de Canergo. Le choix de produits et de proc\u00e9d\u00e9s de fabrication qui appuient cet objectif est essentiel pour un avenir meilleur et plus propre. Des pratiques de fabrication responsables et des initiatives \u00e9cologiques font preuve de notre engagement envers la protection et la conservation de l\u2019environnement.<\/p>\n<h3>Qualit\u00e9 et durabilit\u00e9<\/h3>\n<p>Un des moyens les plus importants de prot\u00e9ger l\u2019environnement est de fabriquer et de mettre en march\u00e9 des produits qui soient faits pour durer! \u00c0 notre \u00e9poque de pr\u00eat-\u00e0-jeter, les fabricants produisent des si\u00e8ges peu durables et des accessoires ergonomiques \u00e0 vie utile limit\u00e9e, dans le seul souci d\u2019abaisser les prix. Ce compromis sur la qualit\u00e9 et la durabilit\u00e9 est non seulement malhonn\u00eate \u00e0 long terme envers le consommateur, mais a pour effet de surcharger les d\u00e9potoirs. Canergo, par contre, met constamment l\u2019accent sur la qualit\u00e9 et la durabilit\u00e9 des composantes et des mati\u00e8res premi\u00e8res que nous utilisons, de m\u00eame que des produits que nous fabriquons, de fa\u00e7on \u00e0 prolonger la vie utile du produit livr\u00e9. La modularit\u00e9 des si\u00e8ges HORIZON signifie \u00e9galement que les pi\u00e8ces de rechange sont disponibles si vous choisissez de r\u00e9parer un si\u00e8ge plut\u00f4t que de le remplacer.<\/p>\n","protected":false},"excerpt":{"rendered":"<p>Politique environnementale et Principes d\u2019entreprise HORIZON FURNITURE est un fabricant soucieux de l\u2019environnement. Nous sommes engages \u00e0 pr\u00e9server notre environnement et nos ressources naturelles pour les g\u00e9n\u00e9rations futures. HORIZON s\u2019emploie \u00e0 \u00eatre proactive dans la r\u00e9duction des d\u00e9chets, le recyclage &hellip; <a href=\"https:\/\/canergo.com\/fr\/environment\/\">Continue reading <span class=\"meta-nav\">&rarr;<\/span><\/a><\/p>\n","protected":false},"author":1,"featured_media":0,"parent":0,"menu_order":0,"comment_status":"closed","ping_status":"closed","template":"","meta":{"footnotes":""},"class_list":["post-687","page","type-page","status-publish","hentry"],"_links":{"self":[{"href":"https:\/\/canergo.com\/fr\/wp-json\/wp\/v2\/pages\/687","targetHints":{"allow":["GET"]}}],"collection":[{"href":"https:\/\/canergo.com\/fr\/wp-json\/wp\/v2\/pages"}],"about":[{"href":"https:\/\/canergo.com\/fr\/wp-json\/wp\/v2\/types\/page"}],"author":[{"embeddable":true,"href":"https:\/\/canergo.com\/fr\/wp-json\/wp\/v2\/users\/1"}],"replies":[{"embeddable":true,"href":"https:\/\/canergo.com\/fr\/wp-json\/wp\/v2\/comments?post=687"}],"version-history":[{"count":0,"href":"https:\/\/canergo.com\/fr\/wp-json\/wp\/v2\/pages\/687\/revisions"}],"wp:attachment":[{"href":"https:\/\/canergo.com\/fr\/wp-json\/wp\/v2\/media?parent=687"}],"curies":[{"name":"wp","href":"https:\/\/api.w.org\/{rel}","templated":true}]}}